{"id":45,"date":"2024-11-20T13:35:44","date_gmt":"2024-11-20T13:35:44","guid":{"rendered":"https:\/\/www.sbs05.lehublot.link\/?page_id=45"},"modified":"2024-11-21T15:36:44","modified_gmt":"2024-11-21T15:36:44","slug":"a-propos","status":"publish","type":"page","link":"https:\/\/www.sbs05.lehublot.link\/en\/a-propos\/","title":{"rendered":"About Us"},"content":{"rendered":"<div class=\"wp-block-group alignfull has-custom-color-2-background-color has-background is-layout-flow wp-container-core-group-is-layout-d5d0df82 wp-block-group-is-layout-flow\" style=\"margin-top:0;margin-bottom:0;padding-top:5%;padding-right:5%;padding-bottom:5%;padding-left:5%\">\n<h2 class=\"wp-block-heading has-text-align-center has-base-color has-text-color has-link-color wp-elements-6bb3ea3f93f1c9b6bb2da7f7e4ecdb0e\">Our Story<\/h2>\n\n\n\n<div class=\"wp-block-columns alignwide is-layout-flex wp-container-core-columns-is-layout-6376d770 wp-block-columns-is-layout-flex\" style=\"margin-top:0;margin-bottom:0;padding-right:0;padding-left:0\">\n<div class=\"wp-block-column has-border-color has-custom-color-4-background-color has-background has-global-padding is-layout-constrained wp-block-column-is-layout-constrained\" style=\"border-color:#5e4b55;border-top-left-radius:10px;border-top-right-radius:10px;border-bottom-left-radius:0px;border-bottom-right-radius:0px\">\n<p class=\"has-text-align-left has-border-color has-custom-color-4-border-color has-base-color has-text-color has-link-color has-cormorant-infant-font-family has-large-font-size wp-elements-96ffb1d9d83b2cef2afc8d51c76a917d\" style=\"border-width:1px;border-radius:10px;margin-top:0;margin-right:0;margin-bottom:0;margin-left:0;padding-top:var(--wp--preset--spacing--20);padding-right:var(--wp--preset--spacing--20);padding-bottom:var(--wp--preset--spacing--20);padding-left:var(--wp--preset--spacing--20)\">Master craftsman and descendant of a long line of weavers from Charlieu, in the heart of the historic Lyon region of silk weaving, Sophie Qu\u00e9r\u00e9 trained as an upholsterer at La Bonne Graine in Paris. With an artist's eye, she searches for forgotten furniture and furnishing objects from 19th century France in order to bring them back to light for the 21st century. Admired around the world for its beauty and refinement, this style once furnished residences throughout Europe. Qu\u00e9r\u00e9's meticulous work and bohemian flair allow these pieces to be celebrated again by giving them a new lease of life.<br>Sophie's know-how in French upholstery perpetuates a tradition that has remained virtually unchanged since the eighteenth century. The pieces are embellished with modern patterns, colors and designs from hand-selected textiles in France and far-flung travels.\u2028<\/p>\n<\/div>\n\n\n\n<div class=\"wp-block-column has-global-padding is-content-justification-right is-layout-constrained wp-container-core-column-is-layout-20bc6cec wp-block-column-is-layout-constrained\" style=\"padding-top:0;padding-right:0;padding-bottom:0;padding-left:var(--wp--preset--spacing--30)\">\n<figure class=\"wp-block-image size-large is-resized has-custom-border\" style=\"margin-left:0\"><img loading=\"lazy\" decoding=\"async\" width=\"1024\" height=\"1024\" src=\"https:\/\/www.sbs05.lehublot.link\/wp-content\/uploads\/2024\/11\/Portrait-1024x1024.jpg\" alt=\"\" class=\"wp-image-306\" style=\"border-radius:10px;width:432px;height:auto\" srcset=\"https:\/\/www.sbs05.lehublot.link\/wp-content\/uploads\/2024\/11\/Portrait-1024x1024.jpg 1024w, https:\/\/www.sbs05.lehublot.link\/wp-content\/uploads\/2024\/11\/Portrait-300x300.jpg 300w, https:\/\/www.sbs05.lehublot.link\/wp-content\/uploads\/2024\/11\/Portrait-150x150.jpg 150w, https:\/\/www.sbs05.lehublot.link\/wp-content\/uploads\/2024\/11\/Portrait-768x768.jpg 768w, https:\/\/www.sbs05.lehublot.link\/wp-content\/uploads\/2024\/11\/Portrait-1536x1536.jpg 1536w, https:\/\/www.sbs05.lehublot.link\/wp-content\/uploads\/2024\/11\/Portrait-2048x2048.jpg 2048w\" sizes=\"auto, (max-width: 1024px) 100vw, 1024px\" \/><\/figure>\n<\/div>\n<\/div>\n\n\n\n<p class=\"has-border-color has-base-color has-custom-color-4-background-color has-text-color has-background has-link-color has-cormorant-infant-font-family has-large-font-size wp-elements-83255c6e6ecbfb1f4036d8826ba4d3d1\" style=\"border-color:#5e4b55;border-top-left-radius:0px;border-top-right-radius:10px;border-bottom-left-radius:10px;border-bottom-right-radius:10px;padding-top:0;padding-right:var(--wp--preset--spacing--20);padding-bottom:0;padding-left:var(--wp--preset--spacing--20)\">\u2028Each piece is handcrafted and renovated, carefully selected for its quality and splendour. For the founder and artisan of SidebySide, these are sleeping beauties and her artistic vision and taste know no bounds in the creation of this unique and unexpected collection.\u2028<br>Through her artistic creations, Sophie shares the joie de vivre and conviviality of her native France. SidebySide harmoniously celebrates the past and present by mixing antique furniture with contemporary fabrics, creating something energetic and elegant, unstructured.<br>Side by side was created in New York in 2017 where it developed for 6 years. Since 2024, the company has opened its activity in France and will move to a new workshop in Paris, Place des Abbesses, in the heart of Montmartre.\u2028<\/p>\n<\/div>\n\n\n\n<div class=\"wp-block-group alignfull has-global-padding is-layout-constrained wp-block-group-is-layout-constrained\">\n<div class=\"wp-block-cover alignfull has-large-font-size wp-duotone-unset-1\" style=\"min-height:70vh;aspect-ratio:unset;\"><span aria-hidden=\"true\" class=\"wp-block-cover__background has-base-background-color has-background-dim-0 has-background-dim\"><\/span><img loading=\"lazy\" decoding=\"async\" width=\"2560\" height=\"1280\" class=\"wp-block-cover__image-background wp-image-334\" alt=\"\" src=\"https:\/\/www.sbs05.lehublot.link\/wp-content\/uploads\/2024\/11\/Banner-About-Workshop-scaled.jpg\" style=\"object-position:50% 84%\" data-object-fit=\"cover\" data-object-position=\"50% 84%\" srcset=\"https:\/\/www.sbs05.lehublot.link\/wp-content\/uploads\/2024\/11\/Banner-About-Workshop-scaled.jpg 2560w, https:\/\/www.sbs05.lehublot.link\/wp-content\/uploads\/2024\/11\/Banner-About-Workshop-300x150.jpg 300w, https:\/\/www.sbs05.lehublot.link\/wp-content\/uploads\/2024\/11\/Banner-About-Workshop-1024x512.jpg 1024w, https:\/\/www.sbs05.lehublot.link\/wp-content\/uploads\/2024\/11\/Banner-About-Workshop-768x384.jpg 768w, https:\/\/www.sbs05.lehublot.link\/wp-content\/uploads\/2024\/11\/Banner-About-Workshop-1536x768.jpg 1536w, https:\/\/www.sbs05.lehublot.link\/wp-content\/uploads\/2024\/11\/Banner-About-Workshop-2048x1024.jpg 2048w\" sizes=\"auto, (max-width: 2560px) 100vw, 2560px\" \/><div class=\"wp-block-cover__inner-container is-layout-flow wp-block-cover-is-layout-flow\">\n<p class=\"has-text-align-center is-style-default has-cormorant-infant-font-family has-xx-large-font-size\" style=\"margin-top:0;margin-bottom:0;padding-top:20%\">Our Workshop<\/p>\n<\/div><\/div>\n<\/div>\n\n\n\n<div class=\"wp-block-group alignfull has-custom-color-1-background-color has-background is-layout-flow wp-block-group-is-layout-flow\" style=\"padding-top:10%;padding-right:5%;padding-bottom:10%;padding-left:5%\">\n<p class=\"has-text-align-left has-base-color has-text-color has-link-color has-cormorant-infant-font-family has-large-font-size wp-elements-c82b10bb6686ea8ccae29a39693975db\" style=\"margin-right:var(--wp--preset--spacing--30);margin-left:var(--wp--preset--spacing--30)\">In the workshop, She reflects the harmony between tradition and modernity. Formerly nestled in the heart of New York, has now found its place in France, in the charming setting of Montmartre. This place invites the curious, whether French or English-speaking, to discover a unique atmosphere where a passion for fabrics, colors and exceptional craftsmanship reigns. Steeped in history, the workshop combines traditional know-how with modern creativity, offering a warm and inspiring space for those looking for unique pieces and conversations around art and design.<\/p>\n<\/div>","protected":false},"excerpt":{"rendered":"<p>Notre histoire Ma\u00eetre artisan et descendante d&rsquo;une longue lign\u00e9e de tisseurs de Charlieu, au c\u0153ur de la r\u00e9gion lyonnaise historique du tissage de la soie, Sophie Qu\u00e9r\u00e9 a suivi une formation de tapissier \u00e0 La Bonne Graine \u00e0 Paris. Avec un \u0153il d&rsquo;artiste, elle recherche les meubles et objets d&rsquo;ameublement oubli\u00e9s de la France du [&hellip;]<\/p>","protected":false},"author":1,"featured_media":0,"parent":0,"menu_order":0,"comment_status":"closed","ping_status":"closed","template":"","meta":{"_eb_attr":"","_themeisle_gutenberg_block_has_review":false,"footnotes":""},"class_list":["post-45","page","type-page","status-publish","hentry"],"yoast_head":"<!-- This site is optimized with the Yoast SEO plugin v23.9 - https:\/\/yoast.com\/wordpress\/plugins\/seo\/ -->\n<title>A propos - Side by Side<\/title>\n<meta name=\"robots\" content=\"index, follow, max-snippet:-1, max-image-preview:large, max-video-preview:-1\" \/>\n<link rel=\"canonical\" href=\"https:\/\/www.sbs05.lehublot.link\/en\/a-propos\/\" \/>\n<meta property=\"og:locale\" content=\"en_US\" \/>\n<meta property=\"og:type\" content=\"article\" \/>\n<meta property=\"og:title\" content=\"A propos - Side by Side\" \/>\n<meta property=\"og:description\" content=\"Notre histoire Ma\u00eetre artisan et descendante d&rsquo;une longue lign\u00e9e de tisseurs de Charlieu, au c\u0153ur de la r\u00e9gion lyonnaise historique du tissage de la soie, Sophie Qu\u00e9r\u00e9 a suivi une formation de tapissier \u00e0 La Bonne Graine \u00e0 Paris. Avec un \u0153il d&rsquo;artiste, elle recherche les meubles et objets d&rsquo;ameublement oubli\u00e9s de la France du [&hellip;]\" \/>\n<meta property=\"og:url\" content=\"https:\/\/www.sbs05.lehublot.link\/en\/a-propos\/\" \/>\n<meta property=\"og:site_name\" content=\"Side by Side\" \/>\n<meta property=\"article:modified_time\" content=\"2024-11-21T15:36:44+00:00\" \/>\n<meta property=\"og:image\" content=\"https:\/\/www.sbs05.lehublot.link\/wp-content\/uploads\/2024\/11\/Portrait-scaled.jpg\" \/>\n\t<meta property=\"og:image:width\" content=\"2560\" \/>\n\t<meta property=\"og:image:height\" content=\"2560\" \/>\n\t<meta property=\"og:image:type\" content=\"image\/jpeg\" \/>\n<meta name=\"twitter:card\" content=\"summary_large_image\" \/>\n<meta name=\"twitter:label1\" content=\"Est. reading time\" \/>\n\t<meta name=\"twitter:data1\" content=\"1 minute\" \/>\n<script type=\"application\/ld+json\" class=\"yoast-schema-graph\">{\"@context\":\"https:\/\/schema.org\",\"@graph\":[{\"@type\":\"WebPage\",\"@id\":\"https:\/\/www.sbs05.lehublot.link\/a-propos\/\",\"url\":\"https:\/\/www.sbs05.lehublot.link\/a-propos\/\",\"name\":\"A propos - Side by Side\",\"isPartOf\":{\"@id\":\"https:\/\/www.sbs05.lehublot.link\/#website\"},\"primaryImageOfPage\":{\"@id\":\"https:\/\/www.sbs05.lehublot.link\/a-propos\/#primaryimage\"},\"image\":{\"@id\":\"https:\/\/www.sbs05.lehublot.link\/a-propos\/#primaryimage\"},\"thumbnailUrl\":\"https:\/\/www.sbs05.lehublot.link\/wp-content\/uploads\/2024\/11\/Portrait-1024x1024.jpg\",\"datePublished\":\"2024-11-20T13:35:44+00:00\",\"dateModified\":\"2024-11-21T15:36:44+00:00\",\"breadcrumb\":{\"@id\":\"https:\/\/www.sbs05.lehublot.link\/a-propos\/#breadcrumb\"},\"inLanguage\":\"en-US\",\"potentialAction\":[{\"@type\":\"ReadAction\",\"target\":[\"https:\/\/www.sbs05.lehublot.link\/a-propos\/\"]}]},{\"@type\":\"ImageObject\",\"inLanguage\":\"en-US\",\"@id\":\"https:\/\/www.sbs05.lehublot.link\/a-propos\/#primaryimage\",\"url\":\"https:\/\/www.sbs05.lehublot.link\/wp-content\/uploads\/2024\/11\/Portrait-1024x1024.jpg\",\"contentUrl\":\"https:\/\/www.sbs05.lehublot.link\/wp-content\/uploads\/2024\/11\/Portrait-1024x1024.jpg\"},{\"@type\":\"BreadcrumbList\",\"@id\":\"https:\/\/www.sbs05.lehublot.link\/a-propos\/#breadcrumb\",\"itemListElement\":[{\"@type\":\"ListItem\",\"position\":1,\"name\":\"Accueil\",\"item\":\"https:\/\/www.sbs05.lehublot.link\/\"},{\"@type\":\"ListItem\",\"position\":2,\"name\":\"A propos\"}]},{\"@type\":\"WebSite\",\"@id\":\"https:\/\/www.sbs05.lehublot.link\/#website\",\"url\":\"https:\/\/www.sbs05.lehublot.link\/\",\"name\":\"Side by Side\",\"description\":\"Atelier Artisane \",\"publisher\":{\"@id\":\"https:\/\/www.sbs05.lehublot.link\/#organization\"},\"potentialAction\":[{\"@type\":\"SearchAction\",\"target\":{\"@type\":\"EntryPoint\",\"urlTemplate\":\"https:\/\/www.sbs05.lehublot.link\/?s={search_term_string}\"},\"query-input\":{\"@type\":\"PropertyValueSpecification\",\"valueRequired\":true,\"valueName\":\"search_term_string\"}}],\"inLanguage\":\"en-US\"},{\"@type\":\"Organization\",\"@id\":\"https:\/\/www.sbs05.lehublot.link\/#organization\",\"name\":\"Side by Side\",\"url\":\"https:\/\/www.sbs05.lehublot.link\/\",\"logo\":{\"@type\":\"ImageObject\",\"inLanguage\":\"en-US\",\"@id\":\"https:\/\/www.sbs05.lehublot.link\/#\/schema\/logo\/image\/\",\"url\":\"https:\/\/www.sbs05.lehublot.link\/wp-content\/uploads\/2024\/11\/Illustration_sans_titre255.png\",\"contentUrl\":\"https:\/\/www.sbs05.lehublot.link\/wp-content\/uploads\/2024\/11\/Illustration_sans_titre255.png\",\"width\":729,\"height\":729,\"caption\":\"Side by Side\"},\"image\":{\"@id\":\"https:\/\/www.sbs05.lehublot.link\/#\/schema\/logo\/image\/\"}}]}<\/script>\n<!-- \/ Yoast SEO plugin. -->","yoast_head_json":{"title":"A propos - Side by Side","robots":{"index":"index","follow":"follow","max-snippet":"max-snippet:-1","max-image-preview":"max-image-preview:large","max-video-preview":"max-video-preview:-1"},"canonical":"https:\/\/www.sbs05.lehublot.link\/en\/a-propos\/","og_locale":"en_US","og_type":"article","og_title":"A propos - Side by Side","og_description":"Notre histoire Ma\u00eetre artisan et descendante d&rsquo;une longue lign\u00e9e de tisseurs de Charlieu, au c\u0153ur de la r\u00e9gion lyonnaise historique du tissage de la soie, Sophie Qu\u00e9r\u00e9 a suivi une formation de tapissier \u00e0 La Bonne Graine \u00e0 Paris. Avec un \u0153il d&rsquo;artiste, elle recherche les meubles et objets d&rsquo;ameublement oubli\u00e9s de la France du [&hellip;]","og_url":"https:\/\/www.sbs05.lehublot.link\/en\/a-propos\/","og_site_name":"Side by Side","article_modified_time":"2024-11-21T15:36:44+00:00","og_image":[{"width":2560,"height":2560,"url":"https:\/\/www.sbs05.lehublot.link\/wp-content\/uploads\/2024\/11\/Portrait-scaled.jpg","type":"image\/jpeg"}],"twitter_card":"summary_large_image","twitter_misc":{"Est. reading time":"1 minute"},"schema":{"@context":"https:\/\/schema.org","@graph":[{"@type":"WebPage","@id":"https:\/\/www.sbs05.lehublot.link\/a-propos\/","url":"https:\/\/www.sbs05.lehublot.link\/a-propos\/","name":"A propos - Side by Side","isPartOf":{"@id":"https:\/\/www.sbs05.lehublot.link\/#website"},"primaryImageOfPage":{"@id":"https:\/\/www.sbs05.lehublot.link\/a-propos\/#primaryimage"},"image":{"@id":"https:\/\/www.sbs05.lehublot.link\/a-propos\/#primaryimage"},"thumbnailUrl":"https:\/\/www.sbs05.lehublot.link\/wp-content\/uploads\/2024\/11\/Portrait-1024x1024.jpg","datePublished":"2024-11-20T13:35:44+00:00","dateModified":"2024-11-21T15:36:44+00:00","breadcrumb":{"@id":"https:\/\/www.sbs05.lehublot.link\/a-propos\/#breadcrumb"},"inLanguage":"en-US","potentialAction":[{"@type":"ReadAction","target":["https:\/\/www.sbs05.lehublot.link\/a-propos\/"]}]},{"@type":"ImageObject","inLanguage":"en-US","@id":"https:\/\/www.sbs05.lehublot.link\/a-propos\/#primaryimage","url":"https:\/\/www.sbs05.lehublot.link\/wp-content\/uploads\/2024\/11\/Portrait-1024x1024.jpg","contentUrl":"https:\/\/www.sbs05.lehublot.link\/wp-content\/uploads\/2024\/11\/Portrait-1024x1024.jpg"},{"@type":"BreadcrumbList","@id":"https:\/\/www.sbs05.lehublot.link\/a-propos\/#breadcrumb","itemListElement":[{"@type":"ListItem","position":1,"name":"Accueil","item":"https:\/\/www.sbs05.lehublot.link\/"},{"@type":"ListItem","position":2,"name":"A propos"}]},{"@type":"WebSite","@id":"https:\/\/www.sbs05.lehublot.link\/#website","url":"https:\/\/www.sbs05.lehublot.link\/","name":"Side by Side","description":"Atelier Artisane ","publisher":{"@id":"https:\/\/www.sbs05.lehublot.link\/#organization"},"potentialAction":[{"@type":"SearchAction","target":{"@type":"EntryPoint","urlTemplate":"https:\/\/www.sbs05.lehublot.link\/?s={search_term_string}"},"query-input":{"@type":"PropertyValueSpecification","valueRequired":true,"valueName":"search_term_string"}}],"inLanguage":"en-US"},{"@type":"Organization","@id":"https:\/\/www.sbs05.lehublot.link\/#organization","name":"Side by Side","url":"https:\/\/www.sbs05.lehublot.link\/","logo":{"@type":"ImageObject","inLanguage":"en-US","@id":"https:\/\/www.sbs05.lehublot.link\/#\/schema\/logo\/image\/","url":"https:\/\/www.sbs05.lehublot.link\/wp-content\/uploads\/2024\/11\/Illustration_sans_titre255.png","contentUrl":"https:\/\/www.sbs05.lehublot.link\/wp-content\/uploads\/2024\/11\/Illustration_sans_titre255.png","width":729,"height":729,"caption":"Side by Side"},"image":{"@id":"https:\/\/www.sbs05.lehublot.link\/#\/schema\/logo\/image\/"}}]}},"jetpack_sharing_enabled":true,"_links":{"self":[{"href":"https:\/\/www.sbs05.lehublot.link\/en\/wp-json\/wp\/v2\/pages\/45","targetHints":{"allow":["GET"]}}],"collection":[{"href":"https:\/\/www.sbs05.lehublot.link\/en\/wp-json\/wp\/v2\/pages"}],"about":[{"href":"https:\/\/www.sbs05.lehublot.link\/en\/wp-json\/wp\/v2\/types\/page"}],"author":[{"embeddable":true,"href":"https:\/\/www.sbs05.lehublot.link\/en\/wp-json\/wp\/v2\/users\/1"}],"replies":[{"embeddable":true,"href":"https:\/\/www.sbs05.lehublot.link\/en\/wp-json\/wp\/v2\/comments?post=45"}],"version-history":[{"count":60,"href":"https:\/\/www.sbs05.lehublot.link\/en\/wp-json\/wp\/v2\/pages\/45\/revisions"}],"predecessor-version":[{"id":614,"href":"https:\/\/www.sbs05.lehublot.link\/en\/wp-json\/wp\/v2\/pages\/45\/revisions\/614"}],"wp:attachment":[{"href":"https:\/\/www.sbs05.lehublot.link\/en\/wp-json\/wp\/v2\/media?parent=45"}],"curies":[{"name":"wp","href":"https:\/\/api.w.org\/{rel}","templated":true}]}}